{"id":4577,"date":"2021-08-09T06:58:02","date_gmt":"2021-08-09T04:58:02","guid":{"rendered":"https:\/\/www.gps-consulting.com\/kontakt\/"},"modified":"2023-10-19T10:17:40","modified_gmt":"2023-10-19T08:17:40","slug":"contact","status":"publish","type":"page","link":"https:\/\/www.gps-consulting.com\/en\/contact\/","title":{"rendered":"Contact"},"content":{"rendered":"","protected":false},"excerpt":{"rendered":"","protected":false},"author":1,"featured_media":0,"parent":0,"menu_order":0,"comment_status":"closed","ping_status":"closed","template":"templates\/flexible-template.php","meta":{"_acf_changed":false,"_et_pb_use_builder":"","_et_pb_old_content":"","_et_gb_content_width":"","footnotes":""},"class_list":["post-4577","page","type-page","status-publish","hentry","entry"],"yoast_head":"<!-- This site is optimized with the Yoast SEO Premium plugin v25.6 (Yoast SEO v25.7) - https:\/\/yoast.com\/wordpress\/plugins\/seo\/ -->\n<title>GP+S Consulting GmbH| Managementberatung f\u00fcr Wachstum und Transformation<\/title>\n<meta name=\"description\" content=\"WIR STELLEN MENSCHEN IN DEN MITTELPUNKT: Menschen entscheiden \u00fcber den Erfolg jeder Ver\u00e4nderung. Sie gilt es mitzunehmen, zu bef\u00e4higen und zu begleiten.\" \/>\n<meta name=\"robots\" content=\"index, follow, max-snippet:-1, max-image-preview:large, max-video-preview:-1\" \/>\n<link rel=\"canonical\" href=\"https:\/\/www.gps-consulting.com\/en\/contact\/\" \/>\n<meta property=\"og:locale\" content=\"en_US\" \/>\n<meta property=\"og:type\" content=\"article\" \/>\n<meta property=\"og:title\" content=\"GP+S Consulting GmbH| Managementberatung f\u00fcr Wachstum und Transformation\" \/>\n<meta property=\"og:description\" content=\"WIR STELLEN MENSCHEN IN DEN MITTELPUNKT: Menschen entscheiden \u00fcber den Erfolg jeder Ver\u00e4nderung. Sie gilt es mitzunehmen, zu bef\u00e4higen und zu begleiten.\" \/>\n<meta property=\"og:url\" content=\"https:\/\/www.gps-consulting.com\/en\/contact\/\" \/>\n<meta property=\"og:site_name\" content=\"GP+S Consulting\" \/>\n<meta property=\"article:modified_time\" content=\"2023-10-19T08:17:40+00:00\" \/>\n<meta property=\"og:image\" content=\"https:\/\/www.gps-consulting.com\/wp-content\/uploads\/20240927_Titelbild_SoMe_GPSWebseite.png\" \/>\n\t<meta property=\"og:image:width\" content=\"1200\" \/>\n\t<meta property=\"og:image:height\" content=\"576\" \/>\n\t<meta property=\"og:image:type\" content=\"image\/png\" \/>\n<meta name=\"twitter:card\" content=\"summary_large_image\" \/>\n<script type=\"application\/ld+json\" class=\"yoast-schema-graph\">{\"@context\":\"https:\/\/schema.org\",\"@graph\":[{\"@type\":\"WebPage\",\"@id\":\"https:\/\/www.gps-consulting.com\/en\/contact\/\",\"url\":\"https:\/\/www.gps-consulting.com\/en\/contact\/\",\"name\":\"GP+S Consulting GmbH| Managementberatung f\u00fcr Wachstum und Transformation\",\"isPartOf\":{\"@id\":\"https:\/\/www.gps-consulting.com\/#website\"},\"datePublished\":\"2021-08-09T04:58:02+00:00\",\"dateModified\":\"2023-10-19T08:17:40+00:00\",\"description\":\"WIR STELLEN MENSCHEN IN DEN MITTELPUNKT: Menschen entscheiden \u00fcber den Erfolg jeder Ver\u00e4nderung. Sie gilt es mitzunehmen, zu bef\u00e4higen und zu begleiten.\",\"breadcrumb\":{\"@id\":\"https:\/\/www.gps-consulting.com\/en\/contact\/#breadcrumb\"},\"inLanguage\":\"en-US\",\"potentialAction\":[{\"@type\":\"ReadAction\",\"target\":[\"https:\/\/www.gps-consulting.com\/en\/contact\/\"]}]},{\"@type\":\"BreadcrumbList\",\"@id\":\"https:\/\/www.gps-consulting.com\/en\/contact\/#breadcrumb\",\"itemListElement\":[{\"@type\":\"ListItem\",\"position\":1,\"name\":\"Home\",\"item\":\"https:\/\/www.gps-consulting.com\/en\/\"},{\"@type\":\"ListItem\",\"position\":2,\"name\":\"Contact\"}]},{\"@type\":\"WebSite\",\"@id\":\"https:\/\/www.gps-consulting.com\/#website\",\"url\":\"https:\/\/www.gps-consulting.com\/\",\"name\":\"GP+S Consulting GmbH\",\"description\":\"Managementberatung f\u00fcr Wachstum und Transformation\",\"publisher\":{\"@id\":\"https:\/\/www.gps-consulting.com\/#organization\"},\"alternateName\":\"GP+S Consulting\",\"potentialAction\":[{\"@type\":\"SearchAction\",\"target\":{\"@type\":\"EntryPoint\",\"urlTemplate\":\"https:\/\/www.gps-consulting.com\/?s={search_term_string}\"},\"query-input\":{\"@type\":\"PropertyValueSpecification\",\"valueRequired\":true,\"valueName\":\"search_term_string\"}}],\"inLanguage\":\"en-US\"},{\"@type\":\"Organization\",\"@id\":\"https:\/\/www.gps-consulting.com\/#organization\",\"name\":\"GP+S Consulting GmbH\",\"alternateName\":\"GP+S\",\"url\":\"https:\/\/www.gps-consulting.com\/\",\"logo\":{\"@type\":\"ImageObject\",\"inLanguage\":\"en-US\",\"@id\":\"https:\/\/www.gps-consulting.com\/#\/schema\/logo\/image\/\",\"url\":\"https:\/\/www.gps-consulting.com\/wp-content\/uploads\/20240927_GPS_Logo_696px.png\",\"contentUrl\":\"https:\/\/www.gps-consulting.com\/wp-content\/uploads\/20240927_GPS_Logo_696px.png\",\"width\":696,\"height\":696,\"caption\":\"GP+S Consulting GmbH\"},\"image\":{\"@id\":\"https:\/\/www.gps-consulting.com\/#\/schema\/logo\/image\/\"},\"sameAs\":[\"https:\/\/www.linkedin.com\/company\/gp-s-consulting\/\"],\"description\":\"GP+S - SPEZIALIST F\u00dcR DIGITALES BUSINESS UND BUSINESS TRANSFORMATION: Wir sind Digitalisierer der ersten Stunde. Wir wissen daher, wie Digitalisierung heute funktioniert, bieten Zugang zu einer Vielzahl von Use Cases, Best Practices und einem umfassenden digitalen Kompetenz-Netzwerk. Unsere Assets sind ein hochprofessionelles, erfahrenes und engagiertes Team an Beratern und ein breites Set erprobter Methoden und Tools. Unsere St\u00e4rken: Zuh\u00f6ren, beteiligen, bef\u00e4higen, mitnehmen, begeistern. Auf dieser Basis gestalten wir mit Ihnen zukunftsf\u00e4hige Gesch\u00e4ftsmodelle und begleiten Sie bei einer nachhaltigen Flexibilisierung Ihres Gesch\u00e4fts.\",\"email\":\"info@gps-consulting.com\",\"telephone\":\"+49 6172 \u2013 4 95 56 0\",\"legalName\":\"GP+S Consulting GmbH\",\"vatID\":\"DE 219061699\",\"numberOfEmployees\":{\"@type\":\"QuantitativeValue\",\"minValue\":\"11\",\"maxValue\":\"50\"}}]}<\/script>\n<!-- \/ Yoast SEO Premium plugin. -->","yoast_head_json":{"title":"GP+S Consulting GmbH| Managementberatung f\u00fcr Wachstum und Transformation","description":"WIR STELLEN MENSCHEN IN DEN MITTELPUNKT: Menschen entscheiden \u00fcber den Erfolg jeder Ver\u00e4nderung. Sie gilt es mitzunehmen, zu bef\u00e4higen und zu begleiten.","robots":{"index":"index","follow":"follow","max-snippet":"max-snippet:-1","max-image-preview":"max-image-preview:large","max-video-preview":"max-video-preview:-1"},"canonical":"https:\/\/www.gps-consulting.com\/en\/contact\/","og_locale":"en_US","og_type":"article","og_title":"GP+S Consulting GmbH| Managementberatung f\u00fcr Wachstum und Transformation","og_description":"WIR STELLEN MENSCHEN IN DEN MITTELPUNKT: Menschen entscheiden \u00fcber den Erfolg jeder Ver\u00e4nderung. Sie gilt es mitzunehmen, zu bef\u00e4higen und zu begleiten.","og_url":"https:\/\/www.gps-consulting.com\/en\/contact\/","og_site_name":"GP+S Consulting","article_modified_time":"2023-10-19T08:17:40+00:00","og_image":[{"width":1200,"height":576,"url":"https:\/\/www.gps-consulting.com\/wp-content\/uploads\/20240927_Titelbild_SoMe_GPSWebseite.png","type":"image\/png"}],"twitter_card":"summary_large_image","schema":{"@context":"https:\/\/schema.org","@graph":[{"@type":"WebPage","@id":"https:\/\/www.gps-consulting.com\/en\/contact\/","url":"https:\/\/www.gps-consulting.com\/en\/contact\/","name":"GP+S Consulting GmbH| Managementberatung f\u00fcr Wachstum und Transformation","isPartOf":{"@id":"https:\/\/www.gps-consulting.com\/#website"},"datePublished":"2021-08-09T04:58:02+00:00","dateModified":"2023-10-19T08:17:40+00:00","description":"WIR STELLEN MENSCHEN IN DEN MITTELPUNKT: Menschen entscheiden \u00fcber den Erfolg jeder Ver\u00e4nderung. Sie gilt es mitzunehmen, zu bef\u00e4higen und zu begleiten.","breadcrumb":{"@id":"https:\/\/www.gps-consulting.com\/en\/contact\/#breadcrumb"},"inLanguage":"en-US","potentialAction":[{"@type":"ReadAction","target":["https:\/\/www.gps-consulting.com\/en\/contact\/"]}]},{"@type":"BreadcrumbList","@id":"https:\/\/www.gps-consulting.com\/en\/contact\/#breadcrumb","itemListElement":[{"@type":"ListItem","position":1,"name":"Home","item":"https:\/\/www.gps-consulting.com\/en\/"},{"@type":"ListItem","position":2,"name":"Contact"}]},{"@type":"WebSite","@id":"https:\/\/www.gps-consulting.com\/#website","url":"https:\/\/www.gps-consulting.com\/","name":"GP+S Consulting GmbH","description":"Managementberatung f\u00fcr Wachstum und Transformation","publisher":{"@id":"https:\/\/www.gps-consulting.com\/#organization"},"alternateName":"GP+S Consulting","potentialAction":[{"@type":"SearchAction","target":{"@type":"EntryPoint","urlTemplate":"https:\/\/www.gps-consulting.com\/?s={search_term_string}"},"query-input":{"@type":"PropertyValueSpecification","valueRequired":true,"valueName":"search_term_string"}}],"inLanguage":"en-US"},{"@type":"Organization","@id":"https:\/\/www.gps-consulting.com\/#organization","name":"GP+S Consulting GmbH","alternateName":"GP+S","url":"https:\/\/www.gps-consulting.com\/","logo":{"@type":"ImageObject","inLanguage":"en-US","@id":"https:\/\/www.gps-consulting.com\/#\/schema\/logo\/image\/","url":"https:\/\/www.gps-consulting.com\/wp-content\/uploads\/20240927_GPS_Logo_696px.png","contentUrl":"https:\/\/www.gps-consulting.com\/wp-content\/uploads\/20240927_GPS_Logo_696px.png","width":696,"height":696,"caption":"GP+S Consulting GmbH"},"image":{"@id":"https:\/\/www.gps-consulting.com\/#\/schema\/logo\/image\/"},"sameAs":["https:\/\/www.linkedin.com\/company\/gp-s-consulting\/"],"description":"GP+S - SPEZIALIST F\u00dcR DIGITALES BUSINESS UND BUSINESS TRANSFORMATION: Wir sind Digitalisierer der ersten Stunde. Wir wissen daher, wie Digitalisierung heute funktioniert, bieten Zugang zu einer Vielzahl von Use Cases, Best Practices und einem umfassenden digitalen Kompetenz-Netzwerk. Unsere Assets sind ein hochprofessionelles, erfahrenes und engagiertes Team an Beratern und ein breites Set erprobter Methoden und Tools. Unsere St\u00e4rken: Zuh\u00f6ren, beteiligen, bef\u00e4higen, mitnehmen, begeistern. Auf dieser Basis gestalten wir mit Ihnen zukunftsf\u00e4hige Gesch\u00e4ftsmodelle und begleiten Sie bei einer nachhaltigen Flexibilisierung Ihres Gesch\u00e4fts.","email":"info@gps-consulting.com","telephone":"+49 6172 \u2013 4 95 56 0","legalName":"GP+S Consulting GmbH","vatID":"DE 219061699","numberOfEmployees":{"@type":"QuantitativeValue","minValue":"11","maxValue":"50"}}]}},"acf":[],"_links":{"self":[{"href":"https:\/\/www.gps-consulting.com\/en\/wp-json\/wp\/v2\/pages\/4577","targetHints":{"allow":["GET"]}}],"collection":[{"href":"https:\/\/www.gps-consulting.com\/en\/wp-json\/wp\/v2\/pages"}],"about":[{"href":"https:\/\/www.gps-consulting.com\/en\/wp-json\/wp\/v2\/types\/page"}],"author":[{"embeddable":true,"href":"https:\/\/www.gps-consulting.com\/en\/wp-json\/wp\/v2\/users\/1"}],"replies":[{"embeddable":true,"href":"https:\/\/www.gps-consulting.com\/en\/wp-json\/wp\/v2\/comments?post=4577"}],"version-history":[{"count":9,"href":"https:\/\/www.gps-consulting.com\/en\/wp-json\/wp\/v2\/pages\/4577\/revisions"}],"predecessor-version":[{"id":33061,"href":"https:\/\/www.gps-consulting.com\/en\/wp-json\/wp\/v2\/pages\/4577\/revisions\/33061"}],"wp:attachment":[{"href":"https:\/\/www.gps-consulting.com\/en\/wp-json\/wp\/v2\/media?parent=4577"}],"curies":[{"name":"wp","href":"https:\/\/api.w.org\/{rel}","templated":true}]}}